{"id":259,"date":"2023-03-07T15:08:24","date_gmt":"2023-03-07T14:08:24","guid":{"rendered":"https:\/\/levires.pl\/page=116\/?page_id=259"},"modified":"2025-04-02T16:20:08","modified_gmt":"2025-04-02T15:20:08","slug":"zamow-pomiary","status":"publish","type":"page","link":"https:\/\/levires.pl\/page=116\/?page_id=259","title":{"rendered":"Zam\u00f3w pomiary, projekt, serwis."},"content":{"rendered":"\n<h2 class=\"wp-block-heading\">Um\u00f3w si\u0119 na pomiary, projekt, serwis<\/h2>\n\n\n\n<p>Poprosimy  o podanie danych kontaktowych, i kr\u00f3tkiego opisu czego mail dotyczy, odezwiemy si\u0119 do Pa\u0144stwa najszybciej jak b\u0119dzie to mo\u017cliwe.<\/p>\n\n\n\n<i class=\"fa fa-envelope-o\"><\/i><a href=\"mailto:levires@levires.pl\">levires@levires.pl<\/a><br>\n\n\n\n<p><\/p>\n\n\n\n<p>Lub po prostu zadzwo\u0144 do nas 601 790 891,  731 203 960<\/p>\n","protected":false},"excerpt":{"rendered":"<p>Um\u00f3w si\u0119 na pomiary, projekt, serwis Poprosimy o podanie danych kontaktowych, i kr\u00f3tkiego opisu czego mail dotyczy, odezwiemy si\u0119 do Pa\u0144stwa najszybciej jak b\u0119dzie to mo\u017cliwe. levires@levires.pl Lub po prostu zadzwo\u0144 do nas 601 790 891, 731 203 960<\/p>\n","protected":false},"author":1,"featured_media":0,"parent":0,"menu_order":0,"comment_status":"closed","ping_status":"closed","template":"","meta":{"footnotes":""},"class_list":["post-259","page","type-page","status-publish","hentry"],"_links":{"self":[{"href":"https:\/\/levires.pl\/page=116\/index.php?rest_route=\/wp\/v2\/pages\/259","targetHints":{"allow":["GET"]}}],"collection":[{"href":"https:\/\/levires.pl\/page=116\/index.php?rest_route=\/wp\/v2\/pages"}],"about":[{"href":"https:\/\/levires.pl\/page=116\/index.php?rest_route=\/wp\/v2\/types\/page"}],"author":[{"embeddable":true,"href":"https:\/\/levires.pl\/page=116\/index.php?rest_route=\/wp\/v2\/users\/1"}],"replies":[{"embeddable":true,"href":"https:\/\/levires.pl\/page=116\/index.php?rest_route=%2Fwp%2Fv2%2Fcomments&post=259"}],"version-history":[{"count":10,"href":"https:\/\/levires.pl\/page=116\/index.php?rest_route=\/wp\/v2\/pages\/259\/revisions"}],"predecessor-version":[{"id":290,"href":"https:\/\/levires.pl\/page=116\/index.php?rest_route=\/wp\/v2\/pages\/259\/revisions\/290"}],"wp:attachment":[{"href":"https:\/\/levires.pl\/page=116\/index.php?rest_route=%2Fwp%2Fv2%2Fmedia&parent=259"}],"curies":[{"name":"wp","href":"https:\/\/api.w.org\/{rel}","templated":true}]}}